{"id":393,"date":"2018-04-03T14:48:46","date_gmt":"2018-04-03T13:48:46","guid":{"rendered":"http:\/\/zcoo.es\/?post_type=product&#038;p=393"},"modified":"2025-04-01T14:14:05","modified_gmt":"2025-04-01T13:14:05","slug":"pastillas-freno-zcoo-s001-ex","status":"publish","type":"product","link":"https:\/\/zcoo.es\/en\/product\/pastillas-freno-zcoo-s001-ex\/","title":{"rendered":"Pastillas de Freno ZCOO S001 EX"},"content":{"rendered":"<h2><strong>ZCOO S001 EX Yamaha<\/strong><\/h2>\n<h3><strong>Sintered ceramic brake pads<\/strong><\/h3>\n<p>The Japanese ZCOO Brake Pads are manufactured under the best standards: Premium materials, Concern on the fabrication process and Maximum precision. <strong>These <em>pastillas de freno ZCOO S001 EX para moto<\/em> are a surprise for any biker who appreciates power, stability, high temperature resistance (maximum anti-fading effect), safety, durability and total braking control.<\/strong><\/p>\n<h3><strong>The best brake pads for your bike<\/strong><\/h3>\n<p>La caracter\u00edstica principal de las pastillas cer\u00e1micas ZCOO EX Race es la proporcionalidad de potencia de frenada ante la presi\u00f3n sobre la maneta de freno de tu moto. Esto permite <strong>an absolute control over braking. <em>Las pastillas de freno ZCOO S001 EX Race <\/em>meet the specific requirements of all bikers. These motorbike pads have an optimum performance on both racing bikes and road bikes.<\/strong><\/p>\n<h3><strong>Caracter\u00edsticas Principales<\/strong><\/h3>\n<ul>\n<li>Maximum anti-fading effect.<\/li>\n<li>Sintered ceramic brake pads<\/li>\n<li>Non-deformable platelet<\/li>\n<li>High temperature resistance<\/li>\n<li>High braking power<\/li>\n<li>Control, feel and stability when braking your bike<\/li>\n<li>High durability<\/li>\n<\/ul>\n<h3><strong>Maximum Braking Power of your bike's brakes<\/strong><\/h3>\n<p><strong><em>Las pastillas de freno ZCOO S001 EX<\/em><\/strong><strong> are carefully designed and manufactured in sintered ceramic.<\/strong>\u00a0<strong>Capable of withstanding extremely high temperatures, in excess of 600\u00b0C without showing any signs of\u00a0<em>fading<\/em><\/strong><em> or brake fatigue<\/em><\/p>\n<p><strong><em>Las ZCOO S001 EX Race<\/em><\/strong> est\u00e1n dise\u00f1adas para aquellos que quieren apurar al m\u00e1ximo la frenada. Las EX Race se caracterizan principalmente por ser unas pastillas de freno que ofrecen una <strong>great braking precision with your bike, stability and braking power.<\/strong> Adem\u00e1s,<strong> the variations in its performance at high temperatures or when temperature changes are minimal.\u00a0<\/strong>Being a ceramic sintered brake pad <strong>it cares for the disc, avoiding deterioration like other pads such as carbon, or non-sintered ceramic<\/strong>\u00a0.<\/p>\n<p>Atendiendo a las necesidades de los pilotos m\u00e1s exigentes: las plaquetas de las pastillas cer\u00e1micas ZCOO S001 EX Race est\u00e1n <strong>designed and manufactured in a way that eliminates the possibility of the brake pad bending and modifying the perfect contact with the brake disc of your bike<\/strong>or even the separation of the friction with respect to the platelet.<\/p>\n<p>These high quality motorbike pads are designed and manufactured for bikers who want the best for their bikes.<\/p>","protected":false},"excerpt":{"rendered":"<h3>ZCOO SOO1 EX RACE<\/h3>\n<ul>\n<li>YAMAHA FZ1 FAZER (06-)<\/li>\n<li>YAMAHA FZ6 FAZER (07-)<\/li>\n<li>YAMAHA FZ6 FAZER (96-03)<\/li>\n<li>YAMAHA FZ8 (10-14)<\/li>\n<li>YAMAHA FZS 1000 (01-03)<\/li>\n<li>YAMAHA MT 01 (05-06)<\/li>\n<li>YAMAHA MT 07 (14-)<\/li>\n<li>YAMAHA MT 09 (14-)<\/li>\n<li>YAMAHA MT 10 (16)<\/li>\n<li>YAMAHA T-MAX 500 (00-)<\/li>\n<li>YAMAHA YZF R1 (15-)<\/li>\n<li>YAMAHA YZF R1 (98-06)<\/li>\n<li>YAMAHA YZF R6 (96-)<\/li>\n<li>YAMAHA YZF R6 (99)<\/li>\n<\/ul>","protected":false},"featured_media":496,"comment_status":"open","ping_status":"closed","template":"","meta":{"_et_pb_use_builder":"off","_et_pb_old_content":"<img class=\"alignleft size-full wp-image-125\" src=\"https:\/\/zcoo.es\/wp-content\/uploads\/2018\/01\/S-001.jpg\" alt=\"\" width=\"260\" height=\"150\" \/>","_et_gb_content_width":""},"product_brand":[],"product_cat":[1454,1455,1477,1507,1479,1512,1513,1467,1480,1493,1492,1456,1457,1458,1459,1478,1494,1460,1461,1468,1469,1470,1471,1472,1481,1484,1485,1486,1487,1488,1489,1495,1496,1482,1483,1514,1677,1448,1449,1450,1451,1452,1453,1473,1474,1490,1491,1508,1509,1510,1511,1517,1518,1519,1520,1521,1522,1523,1524,1525,1526,1527,1528,1529,1497,1498,1499,1500,1501,1504,1505,1506,1462,1463,1464,1465,1475,1476],"product_tag":[],"class_list":{"0":"post-393","1":"product","2":"type-product","3":"status-publish","4":"has-post-thumbnail","6":"product_cat-yamaha-560-tmax-2020","7":"product_cat-yamaha-560-tmax-tech-max-2020","8":"product_cat-yamaha-800-fazer-8-2010-2015","9":"product_cat-yamaha-bt-1100-bulldog-2002-2006","10":"product_cat-yamaha-fj-09-850-2015-2017","11":"product_cat-yamaha-fjr-1300-2001-2003","12":"product_cat-yamaha-fjr-1300-abs-2003-2005","13":"product_cat-yamaha-fz-07-700-2014-2017","14":"product_cat-yamaha-fz-09-850-2014-2017","15":"product_cat-yamaha-fz-10-1000-2016-2017","16":"product_cat-yamaha-fz1-1000-fazer-2006-2016","17":"product_cat-yamaha-fz6-600-fazer-s2-2007-2009","18":"product_cat-yamaha-fz6-600-fazer-s2-abs-2007-2009","19":"product_cat-yamaha-fz6-600-s2-2007-2009","20":"product_cat-yamaha-fz6-600-s2-abs-2007-2009","21":"product_cat-yamaha-fz8-800-2010-2014","22":"product_cat-yamaha-fzs-1000-fazer-2001-2005","23":"product_cat-yamaha-fzs-600-fazer-1998-2003","24":"product_cat-yamaha-fzs-600-s-fazer-2001-2003","25":"product_cat-yamaha-mt-07-700-2014-2023","26":"product_cat-yamaha-mt-07-700-moto-cage-2015-2017","27":"product_cat-yamaha-mt-07-700-sp-2018","28":"product_cat-yamaha-mt-07-700-tracer-2016-2020","29":"product_cat-yamaha-mt-07-700-tracer-gt-2019","30":"product_cat-yamaha-mt-09-850-2018","31":"product_cat-yamaha-mt-09-900-2014-2023","32":"product_cat-yamaha-mt-09-900-sp-2018-2020","33":"product_cat-yamaha-mt-09-900-sport-tracker-2015-2016","34":"product_cat-yamaha-mt-09-900-street-rally-2014-2016","35":"product_cat-yamaha-mt-09-900-tracer-2015-2020","36":"product_cat-yamaha-mt-09-900-tracer-gt-2018-2022","37":"product_cat-yamaha-mt-10-1000-2016-2022","38":"product_cat-yamaha-mt-10-1000-sp-2017-2019","39":"product_cat-yamaha-mxt-850-niken-2018-2022","40":"product_cat-yamaha-mxt-850-niken-gt-2019-2022","41":"product_cat-yamaha-xjr-1300-racer-2015-2019","42":"product_cat-yamaha-xjr-1300-sp-2001","43":"product_cat-yamaha-xp-500-tmax-2008-2011","44":"product_cat-yamaha-xp-500-tmax-tech-max-2011","45":"product_cat-yamaha-xp-530-tmax-2012-2019","46":"product_cat-yamaha-xp-530-tmax-dx-2017-2019","47":"product_cat-yamaha-xp-530-tmax-iron-max-2015-2019","48":"product_cat-yamaha-xp-530-tmax-sx-2017-2019","49":"product_cat-yamaha-xsr-700-2016-2022","50":"product_cat-yamaha-xsr-700-xtribute-2019-2022","51":"product_cat-yamaha-xsr-900-2016-2022","52":"product_cat-yamaha-xsr-900-abarth-2017-2022","53":"product_cat-yamaha-xt-1200-z-super-tenere-2014-2019","54":"product_cat-yamaha-xt-1200-ze-super-tenere-2014-2019","55":"product_cat-yamaha-xt-1200-ze-super-tenere-raid-ed-2018-2019","56":"product_cat-yamaha-xtz-1200-super-tenere-2010-2013","57":"product_cat-yamaha-xv-1700-pc-road-star-warrior-2003-2007","58":"product_cat-yamaha-xv-1700-road-star-s-2008-2014","59":"product_cat-yamaha-xv-1700-road-star-silverado-s-2011-2014","60":"product_cat-yamaha-xv-1700-road-star-warrior-2002","61":"product_cat-yamaha-xv-2012-raider-2008-2014","62":"product_cat-yamaha-xv-2012-raider-bullet-cowl-2015","63":"product_cat-yamaha-xv-2012-raider-s-2008-2014","64":"product_cat-yamaha-xv-2012-raider-scl-2012-2014","65":"product_cat-yamaha-xv-2012-roadliner-2006-2014","66":"product_cat-yamaha-xv-2012-roadliner-s-2006-2014","67":"product_cat-yamaha-xv-2012-stratoliner-2006-2009","68":"product_cat-yamaha-xv-2012-stratoliner-deluxe-2011-2014","69":"product_cat-yamaha-xv-2012-stratoliner-s-2006-2014","70":"product_cat-yamaha-yzf-1000-r-thunder-ace-1996-1999","71":"product_cat-yamaha-yzf-1000-r1-1998-2001","72":"product_cat-yamaha-yzf-1000-r1-2002-2003","73":"product_cat-yamaha-yzf-1000-r1-2004-2006","74":"product_cat-yamaha-yzf-1000-r1-2015-2023","75":"product_cat-yamaha-yzf-1000-r1-le-2006","76":"product_cat-yamaha-yzf-1000-r1m-2015-2022","77":"product_cat-yamaha-yzf-1000-r1s-2016","78":"product_cat-yamaha-yzf-600-r-thunder-cat-1996-2003","79":"product_cat-yamaha-yzf-600-r6-1999-2002","80":"product_cat-yamaha-yzf-600-r6-2003-2016","81":"product_cat-yamaha-yzf-600-r6-2017-2023","82":"product_cat-yamaha-yzf-700-r7-2022","83":"product_cat-yamaha-yzf-750-r7-ow02-1999-2002","85":"first","86":"instock","87":"taxable","88":"shipping-taxable","89":"purchasable","90":"product-type-simple"},"yoast_head":"<!-- This site is optimized with the Yoast SEO Premium plugin v15.2.1 - https:\/\/yoast.com\/wordpress\/plugins\/seo\/ -->\n<title>Pastillas de Freno ZCOO S001 EX - Pastillas de Moto Competici\u00f3n<\/title>\n<meta name=\"description\" content=\"Pastillas de Freno para Moto ZCOO S001 EX Race. Pastillas de Freno de Competici\u00f3n: Alta Durabilidad, Potencia de Frenado y Resistencia a Altas Temperaturas\" \/>\n<meta name=\"robots\" content=\"index, follow, max-snippet:-1, max-image-preview:large, max-video-preview:-1\" \/>\n<link rel=\"canonical\" href=\"https:\/\/zcoo.es\/en\/product\/pastillas-freno-zcoo-s001-ex\/\" \/>\n<meta property=\"og:locale\" content=\"en_GB\" \/>\n<meta property=\"og:type\" content=\"article\" \/>\n<meta property=\"og:title\" content=\"Pastillas de Freno ZCOO S001 EX - Pastillas de Moto Competici\u00f3n\" \/>\n<meta property=\"og:description\" content=\"Pastillas de Freno para Moto ZCOO S001 EX Race. Pastillas de Freno de Competici\u00f3n: Alta Durabilidad, Potencia de Frenado y Resistencia a Altas Temperaturas\" \/>\n<meta property=\"og:url\" content=\"https:\/\/zcoo.es\/en\/product\/pastillas-freno-zcoo-s001-ex\/\" \/>\n<meta property=\"og:site_name\" content=\"ZCOO Brake Pads\" \/>\n<meta property=\"article:modified_time\" content=\"2025-04-01T13:14:05+00:00\" \/>\n<meta property=\"og:image\" content=\"https:\/\/zcoo.es\/wp-content\/uploads\/2018\/04\/S001-copia.png\" \/>\n\t<meta property=\"og:image:width\" content=\"624\" \/>\n\t<meta property=\"og:image:height\" content=\"433\" \/>\n<meta name=\"twitter:card\" content=\"summary_large_image\" \/>\n<meta name=\"twitter:label1\" content=\"Price\">\n\t<meta name=\"twitter:data1\" content=\"79,86&euro;\">\n\t<meta name=\"twitter:label2\" content=\"Availability\">\n\t<meta name=\"twitter:data2\" content=\"In stock\">\n<script type=\"application\/ld+json\" class=\"yoast-schema-graph\">{\"@context\":\"https:\/\/schema.org\",\"@graph\":[{\"@type\":\"Organization\",\"@id\":\"https:\/\/zcoo.es\/#organization\",\"name\":\"ZCOO\",\"url\":\"https:\/\/zcoo.es\/\",\"sameAs\":[],\"logo\":{\"@type\":\"ImageObject\",\"@id\":\"https:\/\/zcoo.es\/#logo\",\"inLanguage\":\"en-GB\",\"url\":\"https:\/\/zcoo.es\/wp-content\/uploads\/2020\/02\/LOGO-ZCOO-cuadrat-150x150.png\",\"width\":150,\"height\":150,\"caption\":\"ZCOO\"},\"image\":{\"@id\":\"https:\/\/zcoo.es\/#logo\"}},{\"@type\":\"WebSite\",\"@id\":\"https:\/\/zcoo.es\/#website\",\"url\":\"https:\/\/zcoo.es\/\",\"name\":\"ZCOO Brake Pads\",\"description\":\"RACING BRAKE PAD MADE IN JAPAN\",\"publisher\":{\"@id\":\"https:\/\/zcoo.es\/#organization\"},\"potentialAction\":[{\"@type\":\"SearchAction\",\"target\":\"https:\/\/zcoo.es\/?s={search_term_string}\",\"query-input\":\"required name=search_term_string\"}],\"inLanguage\":\"en-GB\"},{\"@type\":\"ImageObject\",\"@id\":\"https:\/\/zcoo.es\/producto\/pastillas-freno-zcoo-s001-ex\/#primaryimage\",\"inLanguage\":\"en-GB\",\"url\":\"https:\/\/zcoo.es\/wp-content\/uploads\/2018\/04\/S001-copia.png\",\"width\":624,\"height\":433,\"caption\":\"Pastillas de Freno delanteras para moto\"},{\"@type\":\"WebPage\",\"@id\":\"https:\/\/zcoo.es\/producto\/pastillas-freno-zcoo-s001-ex\/#webpage\",\"url\":\"https:\/\/zcoo.es\/producto\/pastillas-freno-zcoo-s001-ex\/\",\"name\":\"Pastillas de Freno ZCOO S001 EX - Pastillas de Moto Competici\\u00f3n\",\"isPartOf\":{\"@id\":\"https:\/\/zcoo.es\/#website\"},\"primaryImageOfPage\":{\"@id\":\"https:\/\/zcoo.es\/producto\/pastillas-freno-zcoo-s001-ex\/#primaryimage\"},\"datePublished\":\"2018-04-03T13:48:46+00:00\",\"dateModified\":\"2025-04-01T13:14:05+00:00\",\"description\":\"Pastillas de Freno para Moto ZCOO S001 EX Race. Pastillas de Freno de Competici\\u00f3n: Alta Durabilidad, Potencia de Frenado y Resistencia a Altas Temperaturas\",\"inLanguage\":\"en-GB\",\"potentialAction\":[{\"@type\":\"ReadAction\",\"target\":[\"https:\/\/zcoo.es\/producto\/pastillas-freno-zcoo-s001-ex\/\"]}]}]}<\/script>\n<!-- \/ Yoast SEO Premium plugin. -->","_links":{"self":[{"href":"https:\/\/zcoo.es\/en\/wp-json\/wp\/v2\/product\/393","targetHints":{"allow":["GET"]}}],"collection":[{"href":"https:\/\/zcoo.es\/en\/wp-json\/wp\/v2\/product"}],"about":[{"href":"https:\/\/zcoo.es\/en\/wp-json\/wp\/v2\/types\/product"}],"replies":[{"embeddable":true,"href":"https:\/\/zcoo.es\/en\/wp-json\/wp\/v2\/comments?post=393"}],"wp:featuredmedia":[{"embeddable":true,"href":"https:\/\/zcoo.es\/en\/wp-json\/wp\/v2\/media\/496"}],"wp:attachment":[{"href":"https:\/\/zcoo.es\/en\/wp-json\/wp\/v2\/media?parent=393"}],"wp:term":[{"taxonomy":"product_brand","embeddable":true,"href":"https:\/\/zcoo.es\/en\/wp-json\/wp\/v2\/product_brand?post=393"},{"taxonomy":"product_cat","embeddable":true,"href":"https:\/\/zcoo.es\/en\/wp-json\/wp\/v2\/product_cat?post=393"},{"taxonomy":"product_tag","embeddable":true,"href":"https:\/\/zcoo.es\/en\/wp-json\/wp\/v2\/product_tag?post=393"}],"curies":[{"name":"wp","href":"https:\/\/api.w.org\/{rel}","templated":true}]}}